{"id":11,"date":"2023-05-16T18:36:36","date_gmt":"2023-05-16T21:36:36","guid":{"rendered":"https:\/\/mostraquilombopinhoes.com.br\/?page_id=11"},"modified":"2023-07-29T16:31:50","modified_gmt":"2023-07-29T19:31:50","slug":"mais-sobre-o-quilombo-2","status":"publish","type":"page","link":"https:\/\/mostraquilombopinhoes.com.br\/?page_id=11","title":{"rendered":"Pinh\u00f5es: um territ\u00f3rio quilombola"},"content":{"rendered":"\t\t<div data-elementor-type=\"wp-page\" data-elementor-id=\"11\" class=\"elementor elementor-11\">\n\t\t\t\t\t\t\t\t\t<section class=\"elementor-section elementor-top-section elementor-element elementor-element-2ef30b4f elementor-section-boxed elementor-section-height-default elementor-section-height-default\" data-id=\"2ef30b4f\" data-element_type=\"section\">\n\t\t\t\t\t\t<div class=\"elementor-container elementor-column-gap-default\">\n\t\t\t\t\t<div class=\"elementor-column elementor-col-100 elementor-top-column elementor-element elementor-element-35c5cfac\" data-id=\"35c5cfac\" data-element_type=\"column\">\n\t\t\t<div class=\"elementor-widget-wrap elementor-element-populated\">\n\t\t\t\t\t\t\t\t<div class=\"elementor-element elementor-element-2867c46 elementor-widget elementor-widget-heading\" data-id=\"2867c46\" data-element_type=\"widget\" data-widget_type=\"heading.default\">\n\t\t\t\t<div class=\"elementor-widget-container\">\n\t\t\t<style>\/*! elementor - v3.13.2 - 11-05-2023 *\/\n.elementor-heading-title{padding:0;margin:0;line-height:1}.elementor-widget-heading .elementor-heading-title[class*=elementor-size-]>a{color:inherit;font-size:inherit;line-height:inherit}.elementor-widget-heading .elementor-heading-title.elementor-size-small{font-size:15px}.elementor-widget-heading .elementor-heading-title.elementor-size-medium{font-size:19px}.elementor-widget-heading .elementor-heading-title.elementor-size-large{font-size:29px}.elementor-widget-heading .elementor-heading-title.elementor-size-xl{font-size:39px}.elementor-widget-heading .elementor-heading-title.elementor-size-xxl{font-size:59px}<\/style><h2 class=\"elementor-heading-title elementor-size-default\">Pinh\u00f5es: um territ\u00f3rio quilombola<\/h2>\t\t<\/div>\n\t\t\t\t<\/div>\n\t\t\t\t<div class=\"elementor-element elementor-element-d39a859 elementor-widget elementor-widget-image\" data-id=\"d39a859\" data-element_type=\"widget\" data-widget_type=\"image.default\">\n\t\t\t\t<div class=\"elementor-widget-container\">\n\t\t\t<style>\/*! elementor - v3.13.2 - 11-05-2023 *\/\n.elementor-widget-image{text-align:center}.elementor-widget-image a{display:inline-block}.elementor-widget-image a img[src$=\".svg\"]{width:48px}.elementor-widget-image img{vertical-align:middle;display:inline-block}<\/style>\t\t\t\t\t\t\t\t\t\t\t\t<img decoding=\"async\" width=\"660\" height=\"923\" src=\"https:\/\/mostraquilombopinhoes.com.br\/wp-content\/uploads\/2023\/07\/DESENHO-2-jpeg.jpg\" class=\"attachment-large size-large wp-image-1171\" alt=\"\" loading=\"lazy\" srcset=\"https:\/\/mostraquilombopinhoes.com.br\/wp-content\/uploads\/2023\/07\/DESENHO-2-jpeg.jpg 660w, https:\/\/mostraquilombopinhoes.com.br\/wp-content\/uploads\/2023\/07\/DESENHO-2-jpeg-215x300.jpg 215w\" sizes=\"100vw\" \/>\t\t\t\t\t\t\t\t\t\t\t\t\t\t\t<\/div>\n\t\t\t\t<\/div>\n\t\t\t\t<div class=\"elementor-element elementor-element-5c80a405 elementor-widget elementor-widget-text-editor\" data-id=\"5c80a405\" data-element_type=\"widget\" data-widget_type=\"text-editor.default\">\n\t\t\t\t<div class=\"elementor-widget-container\">\n\t\t\t<style>\/*! elementor - v3.13.2 - 11-05-2023 *\/\n.elementor-widget-text-editor.elementor-drop-cap-view-stacked .elementor-drop-cap{background-color:#69727d;color:#fff}.elementor-widget-text-editor.elementor-drop-cap-view-framed .elementor-drop-cap{color:#69727d;border:3px solid;background-color:transparent}.elementor-widget-text-editor:not(.elementor-drop-cap-view-default) .elementor-drop-cap{margin-top:8px}.elementor-widget-text-editor:not(.elementor-drop-cap-view-default) .elementor-drop-cap-letter{width:1em;height:1em}.elementor-widget-text-editor .elementor-drop-cap{float:left;text-align:center;line-height:1;font-size:50px}.elementor-widget-text-editor .elementor-drop-cap-letter{display:inline-block}<\/style>\t\t\t\t<!-- wp:heading {\"style\":{\"typography\":{\"fontStyle\":\"normal\",\"fontWeight\":\"400\",\"fontSize\":\"30px\"}},\"textColor\":\"black\"} --><!-- \/wp:heading --><!-- wp:paragraph -->\n<p><span style=\"font-weight: 400;\">A <\/span><b>Comunidade Quilombola de Pinh\u00f5es<\/b><span style=\"font-weight: 400;\">, localizada no munic\u00edpio de Santa Luzia, Minas Gerais, est\u00e1 situada entre o Mosteiro de Maca\u00fabas e o extremo norte da Sesmaria de Bicas, depois Fazenda de Bicas, pr\u00f3ximo ao chamado <\/span><b>\u201cCemit\u00e9rio dos escravos\u201d<\/b><span style=\"font-weight: 400;\">, onde ficava a propriedade de uma tradicional fam\u00edlia luziense, a fam\u00edlia Diniz. Foi o propriet\u00e1rio da fazenda das Bicas, Jo\u00e3o C\u00e2ncio Nunes Moreira, que mandou alguns escravizados seus para residirem no local e vigiarem as divisas da Fazenda com as terras da <\/span><b>Sesmaria do Convento de Maca\u00fabas<\/b><span style=\"font-weight: 400;\">. Ali plantavam, criavam animais&#8230; e as terras foram passando para seus descendentes.<\/span><\/p>\n<p><span style=\"font-weight: 400;\">A denomina\u00e7\u00e3o do Quilombo se deu pela exist\u00eancia de uma grande quantidade de <\/span><b><i>P\u00e9 de Pinh\u00e3o<\/i><\/b><b> (Jatropha mutabilis)<\/b><span style=\"font-weight: 400;\">. Como eram muitas \u00e1rvores, as pessoas diziam: \u201cir aos pinh\u00f5es\u201d. Tornou-se Pinh\u00f5es. As sementes foram usadas pela comunidade para fazer sab\u00e3o com o seu \u00f3leo. Hoje j\u00e1 n\u00e3o se encontram mais \u201cp\u00e9s de Pinh\u00e3o\u201d.<\/span><\/p>\n<p><span style=\"font-weight: 400;\">Em 2017, Pinh\u00f5es foi <\/span><b>certificada e reconhecida pela Funda\u00e7\u00e3o Cultural Palmares<\/b><span style=\"font-weight: 400;\"> como <\/span><b>Remanescente das Comunidades de Quilombo<\/b><span style=\"font-weight: 400;\">. \u00c9 um lugar marcado pelas mem\u00f3rias de um passado constru\u00eddo a partir da di\u00e1spora africana e das lutas e resist\u00eancias negras no cen\u00e1rio nacional. Neste lugar h\u00e1 muitas hist\u00f3rias carregadas de significados e emo\u00e7\u00f5es. Somos herdeiros de homens e mulheres que souberam amar, acolher e, assim sendo, podemos dizer, pela eternidade: <\/span><b>\u201cAmamos profundamente Pinh\u00f5es\u201d.<\/b><\/p>\n<p><span style=\"font-weight: 400;\">Que imensa responsabilidade, n\u00f3s, descendentes, temos de perpetuar, assegurar e garantir o tanto que j\u00e1 foi feito. <\/span><b>Juntos reafirmamos o compromisso de embalar, para sempre, a responsabilidade de deixarmos marcas para o futuro<\/b><span style=\"font-weight: 400;\">.<\/span><\/p>\n<p><span style=\"font-weight: 400;\">Sonia Aparecida Ara\u00fajo<br \/><\/span><span style=\"font-weight: 400;\">Quilombola e Mestre em Educa\u00e7\u00e3o<br \/><\/span><span style=\"font-weight: 400;\">Maio\/2023<\/span><\/p>\n<div class=\"wp-block-cover alignfull is-light has-medium-font-size\" style=\"min-height: 316px; padding: 50px;\">\n<div class=\"wp-block-cover__inner-container\">\n<div class=\"wp-block-columns are-vertically-aligned-center\">\n<div class=\"wp-block-column is-vertically-aligned-center\" style=\"padding: 20px 0px 20px 0px;\">\n<div class=\"wp-block-group\">\n<div class=\"wp-block-group\"><!-- \/wp:paragraph --><\/div>\n<!-- \/wp:group --><\/div>\n<!-- \/wp:group --><\/div>\n<!-- \/wp:column --><\/div>\n<!-- \/wp:columns --><\/div>\n<\/div>\n<!-- \/wp:cover -->\t\t\t\t\t\t<\/div>\n\t\t\t\t<\/div>\n\t\t\t\t\t<\/div>\n\t\t<\/div>\n\t\t\t\t\t\t\t<\/div>\n\t\t<\/section>\n\t\t\t\t<section class=\"elementor-section elementor-top-section elementor-element elementor-element-61fbffd elementor-section-full_width elementor-section-stretched elementor-hidden-mobile elementor-section-height-default elementor-section-height-default\" data-id=\"61fbffd\" data-element_type=\"section\" data-settings=\"{&quot;stretch_section&quot;:&quot;section-stretched&quot;,&quot;background_background&quot;:&quot;classic&quot;}\">\n\t\t\t\t\t\t<div class=\"elementor-container elementor-column-gap-default\">\n\t\t\t\t\t<div class=\"elementor-column elementor-col-50 elementor-top-column elementor-element elementor-element-5841172\" data-id=\"5841172\" data-element_type=\"column\">\n\t\t\t<div class=\"elementor-widget-wrap elementor-element-populated\">\n\t\t\t\t\t\t\t\t<div class=\"elementor-element elementor-element-5a1d6ac elementor-widget elementor-widget-image\" data-id=\"5a1d6ac\" data-element_type=\"widget\" data-widget_type=\"image.default\">\n\t\t\t\t<div class=\"elementor-widget-container\">\n\t\t\t\t\t\t\t\t\t\t\t\t\t\t\t<img decoding=\"async\" width=\"370\" height=\"162\" src=\"https:\/\/mostraquilombopinhoes.com.br\/wp-content\/uploads\/2023\/07\/Group-2-3.png\" class=\"attachment-large size-large wp-image-897\" alt=\"\" loading=\"lazy\" srcset=\"https:\/\/mostraquilombopinhoes.com.br\/wp-content\/uploads\/2023\/07\/Group-2-3.png 370w, https:\/\/mostraquilombopinhoes.com.br\/wp-content\/uploads\/2023\/07\/Group-2-3-300x131.png 300w\" sizes=\"100vw\" \/>\t\t\t\t\t\t\t\t\t\t\t\t\t\t\t<\/div>\n\t\t\t\t<\/div>\n\t\t\t\t\t<\/div>\n\t\t<\/div>\n\t\t\t\t<div class=\"elementor-column elementor-col-50 elementor-top-column elementor-element elementor-element-7852c0f\" data-id=\"7852c0f\" data-element_type=\"column\">\n\t\t\t<div class=\"elementor-widget-wrap elementor-element-populated\">\n\t\t\t\t\t\t\t\t<div class=\"elementor-element elementor-element-913e836 elementor-widget elementor-widget-image\" data-id=\"913e836\" data-element_type=\"widget\" data-widget_type=\"image.default\">\n\t\t\t\t<div class=\"elementor-widget-container\">\n\t\t\t\t\t\t\t\t\t\t\t\t\t\t\t<img decoding=\"async\" width=\"768\" height=\"172\" src=\"https:\/\/mostraquilombopinhoes.com.br\/wp-content\/uploads\/2023\/07\/roda-pe-com-patrocinio-png-768x172.png\" class=\"attachment-medium_large size-medium_large wp-image-888\" alt=\"\" loading=\"lazy\" srcset=\"https:\/\/mostraquilombopinhoes.com.br\/wp-content\/uploads\/2023\/07\/roda-pe-com-patrocinio-png-768x172.png 768w, https:\/\/mostraquilombopinhoes.com.br\/wp-content\/uploads\/2023\/07\/roda-pe-com-patrocinio-png-300x67.png 300w, https:\/\/mostraquilombopinhoes.com.br\/wp-content\/uploads\/2023\/07\/roda-pe-com-patrocinio-png.png 850w\" sizes=\"100vw\" \/>\t\t\t\t\t\t\t\t\t\t\t\t\t\t\t<\/div>\n\t\t\t\t<\/div>\n\t\t\t\t\t<\/div>\n\t\t<\/div>\n\t\t\t\t\t\t\t<\/div>\n\t\t<\/section>\n\t\t\t\t<section class=\"elementor-section elementor-top-section elementor-element elementor-element-ac8ddf3 elementor-section-full_width elementor-section-stretched elementor-hidden-desktop elementor-hidden-tablet elementor-section-height-default elementor-section-height-default\" data-id=\"ac8ddf3\" data-element_type=\"section\" data-settings=\"{&quot;stretch_section&quot;:&quot;section-stretched&quot;,&quot;background_background&quot;:&quot;classic&quot;}\">\n\t\t\t\t\t\t<div class=\"elementor-container elementor-column-gap-extended\">\n\t\t\t\t\t<div class=\"elementor-column elementor-col-50 elementor-top-column elementor-element elementor-element-324cf7b\" data-id=\"324cf7b\" data-element_type=\"column\">\n\t\t\t<div class=\"elementor-widget-wrap elementor-element-populated\">\n\t\t\t\t\t\t\t\t<div class=\"elementor-element elementor-element-6db351e elementor-widget-mobile__width-initial elementor-hidden-desktop elementor-hidden-tablet elementor-widget elementor-widget-image\" data-id=\"6db351e\" data-element_type=\"widget\" data-widget_type=\"image.default\">\n\t\t\t\t<div class=\"elementor-widget-container\">\n\t\t\t\t\t\t\t\t\t\t\t\t\t\t\t<img decoding=\"async\" width=\"300\" height=\"131\" src=\"https:\/\/mostraquilombopinhoes.com.br\/wp-content\/uploads\/2023\/07\/Group-2-3-300x131.png\" class=\"attachment-medium size-medium wp-image-897\" alt=\"\" loading=\"lazy\" srcset=\"https:\/\/mostraquilombopinhoes.com.br\/wp-content\/uploads\/2023\/07\/Group-2-3-300x131.png 300w, https:\/\/mostraquilombopinhoes.com.br\/wp-content\/uploads\/2023\/07\/Group-2-3.png 370w\" sizes=\"100vw\" \/>\t\t\t\t\t\t\t\t\t\t\t\t\t\t\t<\/div>\n\t\t\t\t<\/div>\n\t\t\t\t\t<\/div>\n\t\t<\/div>\n\t\t\t\t<div class=\"elementor-column elementor-col-50 elementor-top-column elementor-element elementor-element-49cd4e2\" data-id=\"49cd4e2\" data-element_type=\"column\">\n\t\t\t<div class=\"elementor-widget-wrap elementor-element-populated\">\n\t\t\t\t\t\t\t\t<div class=\"elementor-element elementor-element-02036c4 elementor-widget elementor-widget-heading\" data-id=\"02036c4\" data-element_type=\"widget\" data-widget_type=\"heading.default\">\n\t\t\t\t<div class=\"elementor-widget-container\">\n\t\t\t<h6 class=\"elementor-heading-title elementor-size-small\">PATROC\u00cdNIO<\/h6>\t\t<\/div>\n\t\t\t\t<\/div>\n\t\t\t\t<div class=\"elementor-element elementor-element-b7a26df elementor-widget elementor-widget-image\" data-id=\"b7a26df\" data-element_type=\"widget\" data-widget_type=\"image.default\">\n\t\t\t\t<div class=\"elementor-widget-container\">\n\t\t\t\t\t\t\t\t\t\t\t\t\t\t\t<img decoding=\"async\" width=\"423\" height=\"74\" src=\"https:\/\/mostraquilombopinhoes.com.br\/wp-content\/uploads\/2023\/07\/Group-4-2.png\" class=\"attachment-medium_large size-medium_large wp-image-926\" alt=\"\" loading=\"lazy\" srcset=\"https:\/\/mostraquilombopinhoes.com.br\/wp-content\/uploads\/2023\/07\/Group-4-2.png 423w, https:\/\/mostraquilombopinhoes.com.br\/wp-content\/uploads\/2023\/07\/Group-4-2-300x52.png 300w\" sizes=\"100vw\" \/>\t\t\t\t\t\t\t\t\t\t\t\t\t\t\t<\/div>\n\t\t\t\t<\/div>\n\t\t\t\t\t<\/div>\n\t\t<\/div>\n\t\t\t\t\t\t\t<\/div>\n\t\t<\/section>\n\t\t\t\t\t\t\t<\/div>\n\t\t","protected":false},"excerpt":{"rendered":"<p>Pinh\u00f5es: um territ\u00f3rio quilombola A Comunidade Quilombola de Pinh\u00f5es, localizada no munic\u00edpio de Santa Luzia, Minas Gerais, est\u00e1 situada entre o Mosteiro de Maca\u00fabas e o extremo norte da Sesmaria de Bicas, depois Fazenda de Bicas, pr\u00f3ximo ao chamado \u201cCemit\u00e9rio dos escravos\u201d, onde ficava a propriedade de uma tradicional fam\u00edlia luziense, a fam\u00edlia Diniz. Foi &hellip; <\/p>\n<p class=\"link-more\"><a href=\"https:\/\/mostraquilombopinhoes.com.br\/?page_id=11\" class=\"more-link\">Read more<span class=\"screen-reader-text\"> &#8220;Pinh\u00f5es: um territ\u00f3rio quilombola&#8221;<\/span><\/a><\/p>\n","protected":false},"author":2,"featured_media":402,"parent":0,"menu_order":0,"comment_status":"closed","ping_status":"closed","template":"","meta":[],"_links":{"self":[{"href":"https:\/\/mostraquilombopinhoes.com.br\/index.php?rest_route=\/wp\/v2\/pages\/11"}],"collection":[{"href":"https:\/\/mostraquilombopinhoes.com.br\/index.php?rest_route=\/wp\/v2\/pages"}],"about":[{"href":"https:\/\/mostraquilombopinhoes.com.br\/index.php?rest_route=\/wp\/v2\/types\/page"}],"author":[{"embeddable":true,"href":"https:\/\/mostraquilombopinhoes.com.br\/index.php?rest_route=\/wp\/v2\/users\/2"}],"replies":[{"embeddable":true,"href":"https:\/\/mostraquilombopinhoes.com.br\/index.php?rest_route=%2Fwp%2Fv2%2Fcomments&post=11"}],"version-history":[{"count":39,"href":"https:\/\/mostraquilombopinhoes.com.br\/index.php?rest_route=\/wp\/v2\/pages\/11\/revisions"}],"predecessor-version":[{"id":1174,"href":"https:\/\/mostraquilombopinhoes.com.br\/index.php?rest_route=\/wp\/v2\/pages\/11\/revisions\/1174"}],"wp:featuredmedia":[{"embeddable":true,"href":"https:\/\/mostraquilombopinhoes.com.br\/index.php?rest_route=\/wp\/v2\/media\/402"}],"wp:attachment":[{"href":"https:\/\/mostraquilombopinhoes.com.br\/index.php?rest_route=%2Fwp%2Fv2%2Fmedia&parent=11"}],"curies":[{"name":"wp","href":"https:\/\/api.w.org\/{rel}","templated":true}]}}