{"id":216,"date":"2023-07-02T15:57:55","date_gmt":"2023-07-02T18:57:55","guid":{"rendered":"https:\/\/mostraquilombopinhoes.com.br\/?page_id=216"},"modified":"2023-07-28T17:27:51","modified_gmt":"2023-07-28T20:27:51","slug":"rap-do-quilombo-2","status":"publish","type":"page","link":"https:\/\/mostraquilombopinhoes.com.br\/?page_id=216","title":{"rendered":"Rap do Quilombo"},"content":{"rendered":"\t\t<div data-elementor-type=\"wp-page\" data-elementor-id=\"216\" class=\"elementor elementor-216\">\n\t\t\t\t\t\t\t\t\t<section class=\"elementor-section elementor-top-section elementor-element elementor-element-3ce7703 elementor-section-stretched elementor-section-boxed elementor-section-height-default elementor-section-height-default\" data-id=\"3ce7703\" data-element_type=\"section\" data-settings=\"{&quot;stretch_section&quot;:&quot;section-stretched&quot;}\">\n\t\t\t\t\t\t<div class=\"elementor-container elementor-column-gap-default\">\n\t\t\t\t\t<div class=\"elementor-column elementor-col-100 elementor-top-column elementor-element elementor-element-62b2d1f\" data-id=\"62b2d1f\" data-element_type=\"column\">\n\t\t\t<div class=\"elementor-widget-wrap elementor-element-populated\">\n\t\t\t\t\t\t\t\t<div class=\"elementor-element elementor-element-229996f1 elementor-widget elementor-widget-text-editor\" data-id=\"229996f1\" data-element_type=\"widget\" data-widget_type=\"text-editor.default\">\n\t\t\t\t<div class=\"elementor-widget-container\">\n\t\t\t<style>\/*! elementor - v3.13.2 - 11-05-2023 *\/\n.elementor-widget-text-editor.elementor-drop-cap-view-stacked .elementor-drop-cap{background-color:#69727d;color:#fff}.elementor-widget-text-editor.elementor-drop-cap-view-framed .elementor-drop-cap{color:#69727d;border:3px solid;background-color:transparent}.elementor-widget-text-editor:not(.elementor-drop-cap-view-default) .elementor-drop-cap{margin-top:8px}.elementor-widget-text-editor:not(.elementor-drop-cap-view-default) .elementor-drop-cap-letter{width:1em;height:1em}.elementor-widget-text-editor .elementor-drop-cap{float:left;text-align:center;line-height:1;font-size:50px}.elementor-widget-text-editor .elementor-drop-cap-letter{display:inline-block}<\/style>\t\t\t\t\t\t\t\t\t\t<\/div>\n\t\t\t\t<\/div>\n\t\t\t\t<div class=\"elementor-element elementor-element-19cb82d elementor-widget elementor-widget-heading\" data-id=\"19cb82d\" data-element_type=\"widget\" data-widget_type=\"heading.default\">\n\t\t\t\t<div class=\"elementor-widget-container\">\n\t\t\t<style>\/*! elementor - v3.13.2 - 11-05-2023 *\/\n.elementor-heading-title{padding:0;margin:0;line-height:1}.elementor-widget-heading .elementor-heading-title[class*=elementor-size-]>a{color:inherit;font-size:inherit;line-height:inherit}.elementor-widget-heading .elementor-heading-title.elementor-size-small{font-size:15px}.elementor-widget-heading .elementor-heading-title.elementor-size-medium{font-size:19px}.elementor-widget-heading .elementor-heading-title.elementor-size-large{font-size:29px}.elementor-widget-heading .elementor-heading-title.elementor-size-xl{font-size:39px}.elementor-widget-heading .elementor-heading-title.elementor-size-xxl{font-size:59px}<\/style><h2 class=\"elementor-heading-title elementor-size-default\">Rap do quilombo<\/h2>\t\t<\/div>\n\t\t\t\t<\/div>\n\t\t\t\t<div class=\"elementor-element elementor-element-82ea9f5 elementor-widget elementor-widget-video\" data-id=\"82ea9f5\" data-element_type=\"widget\" data-settings=\"{&quot;youtube_url&quot;:&quot;https:\\\/\\\/www.youtube.com\\\/watch?v=5MMhv4aj7B8&quot;,&quot;video_type&quot;:&quot;youtube&quot;,&quot;controls&quot;:&quot;yes&quot;}\" data-widget_type=\"video.default\">\n\t\t\t\t<div class=\"elementor-widget-container\">\n\t\t\t<style>\/*! elementor - v3.13.2 - 11-05-2023 *\/\n.elementor-widget-video .elementor-widget-container{overflow:hidden;transform:translateZ(0)}.elementor-widget-video .elementor-wrapper{aspect-ratio:var(--video-aspect-ratio)}.elementor-widget-video .elementor-wrapper iframe,.elementor-widget-video .elementor-wrapper video{height:100%;width:100%;display:flex;border:none;background-color:#000}@supports not (aspect-ratio:1\/1){.elementor-widget-video .elementor-wrapper{position:relative;overflow:hidden;height:0;padding-bottom:calc(100% \/ var(--video-aspect-ratio))}.elementor-widget-video .elementor-wrapper iframe,.elementor-widget-video .elementor-wrapper video{position:absolute;top:0;right:0;bottom:0;left:0}}.elementor-widget-video .elementor-open-inline .elementor-custom-embed-image-overlay{position:absolute;top:0;left:0;width:100%;height:100%;background-size:cover;background-position:50%}.elementor-widget-video .elementor-custom-embed-image-overlay{cursor:pointer;text-align:center}.elementor-widget-video .elementor-custom-embed-image-overlay:hover .elementor-custom-embed-play i{opacity:1}.elementor-widget-video .elementor-custom-embed-image-overlay img{display:block;width:100%}.elementor-widget-video .e-hosted-video .elementor-video{-o-object-fit:cover;object-fit:cover}.e-con-inner>.elementor-widget-video,.e-con>.elementor-widget-video{width:var(--container-widget-width);--flex-grow:var(--container-widget-flex-grow)}<\/style>\t\t<div class=\"elementor-wrapper elementor-open-inline\">\n\t\t\t<div class=\"elementor-video\"><\/div>\t\t<\/div>\n\t\t\t\t<\/div>\n\t\t\t\t<\/div>\n\t\t\t\t<section class=\"elementor-section elementor-inner-section elementor-element elementor-element-38b271d elementor-section-boxed elementor-section-height-default elementor-section-height-default\" data-id=\"38b271d\" data-element_type=\"section\">\n\t\t\t\t\t\t<div class=\"elementor-container elementor-column-gap-default\">\n\t\t\t\t\t<div class=\"elementor-column elementor-col-33 elementor-inner-column elementor-element elementor-element-50469c3\" data-id=\"50469c3\" data-element_type=\"column\">\n\t\t\t<div class=\"elementor-widget-wrap elementor-element-populated\">\n\t\t\t\t\t\t\t\t<div class=\"elementor-element elementor-element-9993a63 elementor-widget elementor-widget-text-editor\" data-id=\"9993a63\" data-element_type=\"widget\" data-widget_type=\"text-editor.default\">\n\t\t\t\t<div class=\"elementor-widget-container\">\n\t\t\t\t\t\t\t<p><span style=\"font-weight: 400;\">Vamos come\u00e7ar pelo come\u00e7o<br \/><\/span><span style=\"font-weight: 400;\">Contar a hist\u00f3ria desde o ber\u00e7o<br \/><\/span><span style=\"font-weight: 400;\">O chicote do senhor estralava<br \/><\/span><span style=\"font-weight: 400;\">Na perna e causava dor<\/span><span style=\"font-weight: 400;\">\u00a0 \u00a0 \u00a0 \u00a0 \u00a0 \u00a0 \u00a0\u00a0<\/span><\/p><p><span style=\"font-weight: 400;\">Cad\u00ea o p\u00e9 de pinh\u00e3o?<br \/><\/span><span style=\"font-weight: 400;\">Ser\u00e1 que jogaram todos no ch\u00e3o?<br \/><\/span><span style=\"font-weight: 400;\">Qual ser\u00e1 a raz\u00e3o?<br \/><\/span><span style=\"font-weight: 400;\">Por que n\u00e3o existem aqui n\u00e3o?<\/span><\/p><p><span style=\"font-weight: 400;\">Vamos falar da tradi\u00e7\u00e3o<br \/><\/span><span style=\"font-weight: 400;\">Aqui tem capoeira<br \/><\/span><span style=\"font-weight: 400;\">Aqui tem jogo b\u00e3o<br \/><\/span><span style=\"font-weight: 400;\">Tem samba no p\u00e9<br \/><\/span><span style=\"font-weight: 400;\">Aqui tem foli\u00e3o<\/span><span style=\"font-weight: 400;\">\u00a0<\/span><\/p><p><span style=\"font-weight: 400;\">V\u00f3 Zai\u00e1 contou<br \/><\/span><span style=\"font-weight: 400;\">Que o som do berimbau<br \/><\/span><span style=\"font-weight: 400;\">J\u00e1 soava<br \/><\/span><span style=\"font-weight: 400;\">Mas ningu\u00e9m avistava<br \/><\/span><span style=\"font-weight: 400;\">O trabalho n\u00e3o parava<br \/><\/span><span style=\"font-weight: 400;\">A mascaste batalhava<br \/><\/span><span style=\"font-weight: 400;\">Por uma vida melhor<br \/><\/span><span style=\"font-weight: 400;\">Bota p\u00e3o na mesa<br \/><\/span><span style=\"font-weight: 400;\">Com seu pr\u00f3prio suor<\/span><\/p>\t\t\t\t\t\t<\/div>\n\t\t\t\t<\/div>\n\t\t\t\t\t<\/div>\n\t\t<\/div>\n\t\t\t\t<div class=\"elementor-column elementor-col-33 elementor-inner-column elementor-element elementor-element-b4aa82f\" data-id=\"b4aa82f\" data-element_type=\"column\">\n\t\t\t<div class=\"elementor-widget-wrap elementor-element-populated\">\n\t\t\t\t\t\t\t\t<div class=\"elementor-element elementor-element-41c9362 elementor-widget elementor-widget-text-editor\" data-id=\"41c9362\" data-element_type=\"widget\" data-widget_type=\"text-editor.default\">\n\t\t\t\t<div class=\"elementor-widget-container\">\n\t\t\t\t\t\t\t<p><span style=\"font-weight: 400;\">Balaio cheio de fruta<br \/><\/span><span style=\"font-weight: 400;\">Banana e lim\u00e3o<br \/><\/span><span style=\"font-weight: 400;\">Jabuticaba quando d\u00e1<br \/><\/span><span style=\"font-weight: 400;\">Doces e mam\u00e3o<br \/><\/span><span style=\"font-weight: 400;\">Panela de barro e cacha\u00e7a<\/span><\/p><p><span style=\"font-weight: 400;\">(Mas) Cad\u00ea o p\u00e9 de pinh\u00e3o?<br \/><\/span><span style=\"font-weight: 400;\">Ser\u00e1 que jogaram todos no ch\u00e3o?<br \/><\/span><span style=\"font-weight: 400;\">Qual ser\u00e1 a raz\u00e3o?<br \/><\/span><span style=\"font-weight: 400;\">Por que n\u00e3o existem aqui n\u00e3o?<\/span><\/p><p><span style=\"font-weight: 400;\">Sem esquecer do futebol<br \/><\/span><span style=\"font-weight: 400;\">Festa do Ros\u00e1rio<br \/><\/span><span style=\"font-weight: 400;\">Dan\u00e7ante no m\u00f3 sol<br \/><\/span><span style=\"font-weight: 400;\">Arroz, farofa<br \/><\/span><span style=\"font-weight: 400;\">Frango, macarr\u00e3o<br \/><\/span><span style=\"font-weight: 400;\">Tutu \u00e9 o principal<br \/><\/span><span style=\"font-weight: 400;\">Pra manter a tradi\u00e7\u00e3o<\/span><\/p><p><span style=\"font-weight: 400;\">Catop\u00ea paga promessa<br \/><\/span><span style=\"font-weight: 400;\">Acontece o leil\u00e3o<br \/><\/span><span style=\"font-weight: 400;\">Segunda a finaliza\u00e7\u00e3o<br \/><\/span><span style=\"font-weight: 400;\">Dan\u00e7o a marimba com o meu irm\u00e3o<br \/><\/span><span style=\"font-weight: 400;\">Na festa tem dois mestres<br \/><\/span><span style=\"font-weight: 400;\">Guerino e Sidney<br \/><\/span><span style=\"font-weight: 400;\">Com eles aprendi<br \/><\/span><span style=\"font-weight: 400;\">Tudo que eu sei<\/span><\/p>\t\t\t\t\t\t<\/div>\n\t\t\t\t<\/div>\n\t\t\t\t\t<\/div>\n\t\t<\/div>\n\t\t\t\t<div class=\"elementor-column elementor-col-33 elementor-inner-column elementor-element elementor-element-b434919\" data-id=\"b434919\" data-element_type=\"column\">\n\t\t\t<div class=\"elementor-widget-wrap elementor-element-populated\">\n\t\t\t\t\t\t\t\t<div class=\"elementor-element elementor-element-5b4925c elementor-widget elementor-widget-text-editor\" data-id=\"5b4925c\" data-element_type=\"widget\" data-widget_type=\"text-editor.default\">\n\t\t\t\t<div class=\"elementor-widget-container\">\n\t\t\t\t\t\t\t<p><span style=\"font-weight: 400;\">(Tem que cantar!)<\/span><\/p><p><span style=\"font-weight: 400;\">\u00a0<\/span><span style=\"font-weight: 400;\">Gente que festa \u00e9 essa<br \/><\/span><span style=\"font-weight: 400;\">Gente que festa \u00e9 essa<br \/><\/span><span style=\"font-weight: 400;\">Essa festa \u00e9 alegria<br \/><\/span><span style=\"font-weight: 400;\">Essa festa \u00e9 de alegria<br \/><\/span><span style=\"font-weight: 400;\">Essa festa \u00e9 do Ros\u00e1rio<br \/><\/span><span style=\"font-weight: 400;\">Essa festa \u00e9 do Ros\u00e1rio<br \/><\/span><span style=\"font-weight: 400;\">A virgem Santa Maria<\/span><\/p><p><span style=\"font-weight: 400;\">O\u00f4\u00f4\u00f4\u2026..<\/span><span style=\"font-weight: 400;\">\u00a0<\/span><\/p><p><span style=\"font-weight: 400;\">Cad\u00ea o p\u00e9 de pinh\u00e3o?<br \/><\/span><span style=\"font-weight: 400;\">Ser\u00e1 que jogaram todos no ch\u00e3o?<br \/><\/span><span style=\"font-weight: 400;\">Qual ser\u00e1 a raz\u00e3o?<br \/><\/span><span style=\"font-weight: 400;\">Por que n\u00e3o existem aqui n\u00e3o?<\/span><\/p>\t\t\t\t\t\t<\/div>\n\t\t\t\t<\/div>\n\t\t\t\t\t<\/div>\n\t\t<\/div>\n\t\t\t\t\t\t\t<\/div>\n\t\t<\/section>\n\t\t\t\t<div class=\"elementor-element elementor-element-748f8de elementor-widget elementor-widget-text-editor\" data-id=\"748f8de\" data-element_type=\"widget\" data-widget_type=\"text-editor.default\">\n\t\t\t\t<div class=\"elementor-widget-container\">\n\t\t\t\t\t\t\t<p><strong>Ficha t\u00e9cnica:<\/strong><\/p><p><strong>Alenise dos Santos Evangelista<\/strong><b> &#8211; <\/b><span style=\"font-weight: 400;\">LETRA<\/span><b>, <\/b><span style=\"font-weight: 400;\">VOZ, FLAUTA<br \/><\/span><span style=\"font-weight: 400;\"><strong>Ana Luiza dos Santo<\/strong>s &#8211; LETRA, VOZ<br \/><\/span><span style=\"font-weight: 400;\"><strong>Andreza Pereira Lizeu<\/strong> &#8211; LETRA, VOZ<br \/><\/span><strong>Arthur Augusto Apolin\u00e1rio Gon\u00e7alves<\/strong><b> &#8211; <\/b><span style=\"font-weight: 400;\">LETRA, VOZ<br \/><\/span><span style=\"font-weight: 400;\"><strong>Helton da Concei\u00e7\u00e3o Botelho<\/strong> &#8211; LETRA, VOZ, BERIMBAU, CONGA, GUITARRA e VIOL\u00c3O<br \/><\/span><span style=\"font-weight: 400;\"><strong>Isadora Luane Duarte Oliveira<\/strong> &#8211; LETRA<br \/><\/span><span style=\"font-weight: 400;\"><strong>Samara Carvalho Santos<\/strong> &#8211; LETRA, VOZ<br \/><\/span><span style=\"font-weight: 400;\"><strong>S\u00e1vio Santos Silva<\/strong> &#8211; LETRA<br \/><\/span><b>Abu <\/b><span style=\"font-weight: 400;\">&#8211; GRAVA\u00c7\u00c3O E PRODU\u00c7\u00c3O MUSICAL<\/span><\/p>\t\t\t\t\t\t<\/div>\n\t\t\t\t<\/div>\n\t\t\t\t\t<\/div>\n\t\t<\/div>\n\t\t\t\t\t\t\t<\/div>\n\t\t<\/section>\n\t\t\t\t<section class=\"elementor-section elementor-top-section elementor-element elementor-element-d3b6bf6 elementor-section-full_width elementor-section-stretched elementor-hidden-mobile elementor-section-height-default elementor-section-height-default\" data-id=\"d3b6bf6\" data-element_type=\"section\" data-settings=\"{&quot;stretch_section&quot;:&quot;section-stretched&quot;,&quot;background_background&quot;:&quot;classic&quot;}\">\n\t\t\t\t\t\t<div class=\"elementor-container elementor-column-gap-default\">\n\t\t\t\t\t<div class=\"elementor-column elementor-col-50 elementor-top-column elementor-element elementor-element-0a23e43\" data-id=\"0a23e43\" data-element_type=\"column\">\n\t\t\t<div class=\"elementor-widget-wrap elementor-element-populated\">\n\t\t\t\t\t\t\t\t<div class=\"elementor-element elementor-element-4b3d632 elementor-widget elementor-widget-image\" data-id=\"4b3d632\" data-element_type=\"widget\" data-widget_type=\"image.default\">\n\t\t\t\t<div class=\"elementor-widget-container\">\n\t\t\t<style>\/*! elementor - v3.13.2 - 11-05-2023 *\/\n.elementor-widget-image{text-align:center}.elementor-widget-image a{display:inline-block}.elementor-widget-image a img[src$=\".svg\"]{width:48px}.elementor-widget-image img{vertical-align:middle;display:inline-block}<\/style>\t\t\t\t\t\t\t\t\t\t\t\t<img decoding=\"async\" width=\"370\" height=\"162\" src=\"https:\/\/mostraquilombopinhoes.com.br\/wp-content\/uploads\/2023\/07\/Group-2-3.png\" class=\"attachment-large size-large wp-image-897\" alt=\"\" loading=\"lazy\" srcset=\"https:\/\/mostraquilombopinhoes.com.br\/wp-content\/uploads\/2023\/07\/Group-2-3.png 370w, https:\/\/mostraquilombopinhoes.com.br\/wp-content\/uploads\/2023\/07\/Group-2-3-300x131.png 300w\" sizes=\"100vw\" \/>\t\t\t\t\t\t\t\t\t\t\t\t\t\t\t<\/div>\n\t\t\t\t<\/div>\n\t\t\t\t\t<\/div>\n\t\t<\/div>\n\t\t\t\t<div class=\"elementor-column elementor-col-50 elementor-top-column elementor-element elementor-element-0158908\" data-id=\"0158908\" data-element_type=\"column\">\n\t\t\t<div class=\"elementor-widget-wrap elementor-element-populated\">\n\t\t\t\t\t\t\t\t<div class=\"elementor-element elementor-element-3ff002e elementor-widget elementor-widget-image\" data-id=\"3ff002e\" data-element_type=\"widget\" data-widget_type=\"image.default\">\n\t\t\t\t<div class=\"elementor-widget-container\">\n\t\t\t\t\t\t\t\t\t\t\t\t\t\t\t<img decoding=\"async\" width=\"768\" height=\"172\" src=\"https:\/\/mostraquilombopinhoes.com.br\/wp-content\/uploads\/2023\/07\/roda-pe-com-patrocinio-png-768x172.png\" class=\"attachment-medium_large size-medium_large wp-image-888\" alt=\"\" loading=\"lazy\" srcset=\"https:\/\/mostraquilombopinhoes.com.br\/wp-content\/uploads\/2023\/07\/roda-pe-com-patrocinio-png-768x172.png 768w, https:\/\/mostraquilombopinhoes.com.br\/wp-content\/uploads\/2023\/07\/roda-pe-com-patrocinio-png-300x67.png 300w, https:\/\/mostraquilombopinhoes.com.br\/wp-content\/uploads\/2023\/07\/roda-pe-com-patrocinio-png.png 850w\" sizes=\"100vw\" \/>\t\t\t\t\t\t\t\t\t\t\t\t\t\t\t<\/div>\n\t\t\t\t<\/div>\n\t\t\t\t\t<\/div>\n\t\t<\/div>\n\t\t\t\t\t\t\t<\/div>\n\t\t<\/section>\n\t\t\t\t<section class=\"elementor-section elementor-top-section elementor-element elementor-element-b6419f7 elementor-section-full_width elementor-section-stretched elementor-hidden-desktop elementor-hidden-tablet elementor-section-height-default elementor-section-height-default\" data-id=\"b6419f7\" data-element_type=\"section\" data-settings=\"{&quot;stretch_section&quot;:&quot;section-stretched&quot;,&quot;background_background&quot;:&quot;classic&quot;}\">\n\t\t\t\t\t\t<div class=\"elementor-container elementor-column-gap-extended\">\n\t\t\t\t\t<div class=\"elementor-column elementor-col-50 elementor-top-column elementor-element elementor-element-557c25a\" data-id=\"557c25a\" data-element_type=\"column\">\n\t\t\t<div class=\"elementor-widget-wrap elementor-element-populated\">\n\t\t\t\t\t\t\t\t<div class=\"elementor-element elementor-element-1d6c3bf elementor-widget-mobile__width-initial elementor-hidden-desktop elementor-hidden-tablet elementor-widget elementor-widget-image\" data-id=\"1d6c3bf\" data-element_type=\"widget\" data-widget_type=\"image.default\">\n\t\t\t\t<div class=\"elementor-widget-container\">\n\t\t\t\t\t\t\t\t\t\t\t\t\t\t\t<img decoding=\"async\" width=\"300\" height=\"131\" src=\"https:\/\/mostraquilombopinhoes.com.br\/wp-content\/uploads\/2023\/07\/Group-2-3-300x131.png\" class=\"attachment-medium size-medium wp-image-897\" alt=\"\" loading=\"lazy\" srcset=\"https:\/\/mostraquilombopinhoes.com.br\/wp-content\/uploads\/2023\/07\/Group-2-3-300x131.png 300w, https:\/\/mostraquilombopinhoes.com.br\/wp-content\/uploads\/2023\/07\/Group-2-3.png 370w\" sizes=\"100vw\" \/>\t\t\t\t\t\t\t\t\t\t\t\t\t\t\t<\/div>\n\t\t\t\t<\/div>\n\t\t\t\t\t<\/div>\n\t\t<\/div>\n\t\t\t\t<div class=\"elementor-column elementor-col-50 elementor-top-column elementor-element elementor-element-dd48432\" data-id=\"dd48432\" data-element_type=\"column\">\n\t\t\t<div class=\"elementor-widget-wrap elementor-element-populated\">\n\t\t\t\t\t\t\t\t<div class=\"elementor-element elementor-element-092c659 elementor-widget elementor-widget-heading\" data-id=\"092c659\" data-element_type=\"widget\" data-widget_type=\"heading.default\">\n\t\t\t\t<div class=\"elementor-widget-container\">\n\t\t\t<h6 class=\"elementor-heading-title elementor-size-small\">PATROC\u00cdNIO<\/h6>\t\t<\/div>\n\t\t\t\t<\/div>\n\t\t\t\t<div class=\"elementor-element elementor-element-da8de61 elementor-widget elementor-widget-image\" data-id=\"da8de61\" data-element_type=\"widget\" data-widget_type=\"image.default\">\n\t\t\t\t<div class=\"elementor-widget-container\">\n\t\t\t\t\t\t\t\t\t\t\t\t\t\t\t<img decoding=\"async\" width=\"423\" height=\"74\" src=\"https:\/\/mostraquilombopinhoes.com.br\/wp-content\/uploads\/2023\/07\/Group-4-2.png\" class=\"attachment-medium_large size-medium_large wp-image-926\" alt=\"\" loading=\"lazy\" srcset=\"https:\/\/mostraquilombopinhoes.com.br\/wp-content\/uploads\/2023\/07\/Group-4-2.png 423w, https:\/\/mostraquilombopinhoes.com.br\/wp-content\/uploads\/2023\/07\/Group-4-2-300x52.png 300w\" sizes=\"100vw\" \/>\t\t\t\t\t\t\t\t\t\t\t\t\t\t\t<\/div>\n\t\t\t\t<\/div>\n\t\t\t\t\t<\/div>\n\t\t<\/div>\n\t\t\t\t\t\t\t<\/div>\n\t\t<\/section>\n\t\t\t\t\t\t\t<\/div>\n\t\t","protected":false},"excerpt":{"rendered":"<p>Rap do quilombo https:\/\/www.youtube.com\/watch?v=5MMhv4aj7B8 Vamos come\u00e7ar pelo come\u00e7oContar a hist\u00f3ria desde o ber\u00e7oO chicote do senhor estralavaNa perna e causava dor\u00a0 \u00a0 \u00a0 \u00a0 \u00a0 \u00a0 \u00a0\u00a0 Cad\u00ea o p\u00e9 de pinh\u00e3o?Ser\u00e1 que jogaram todos no ch\u00e3o?Qual ser\u00e1 a raz\u00e3o?Por que n\u00e3o existem aqui n\u00e3o? Vamos falar da tradi\u00e7\u00e3oAqui tem capoeiraAqui tem jogo b\u00e3oTem samba &hellip; <\/p>\n<p class=\"link-more\"><a href=\"https:\/\/mostraquilombopinhoes.com.br\/?page_id=216\" class=\"more-link\">Read more<span class=\"screen-reader-text\"> &#8220;Rap do Quilombo&#8221;<\/span><\/a><\/p>\n","protected":false},"author":2,"featured_media":402,"parent":0,"menu_order":0,"comment_status":"closed","ping_status":"closed","template":"","meta":[],"_links":{"self":[{"href":"https:\/\/mostraquilombopinhoes.com.br\/index.php?rest_route=\/wp\/v2\/pages\/216"}],"collection":[{"href":"https:\/\/mostraquilombopinhoes.com.br\/index.php?rest_route=\/wp\/v2\/pages"}],"about":[{"href":"https:\/\/mostraquilombopinhoes.com.br\/index.php?rest_route=\/wp\/v2\/types\/page"}],"author":[{"embeddable":true,"href":"https:\/\/mostraquilombopinhoes.com.br\/index.php?rest_route=\/wp\/v2\/users\/2"}],"replies":[{"embeddable":true,"href":"https:\/\/mostraquilombopinhoes.com.br\/index.php?rest_route=%2Fwp%2Fv2%2Fcomments&post=216"}],"version-history":[{"count":54,"href":"https:\/\/mostraquilombopinhoes.com.br\/index.php?rest_route=\/wp\/v2\/pages\/216\/revisions"}],"predecessor-version":[{"id":1099,"href":"https:\/\/mostraquilombopinhoes.com.br\/index.php?rest_route=\/wp\/v2\/pages\/216\/revisions\/1099"}],"wp:featuredmedia":[{"embeddable":true,"href":"https:\/\/mostraquilombopinhoes.com.br\/index.php?rest_route=\/wp\/v2\/media\/402"}],"wp:attachment":[{"href":"https:\/\/mostraquilombopinhoes.com.br\/index.php?rest_route=%2Fwp%2Fv2%2Fmedia&parent=216"}],"curies":[{"name":"wp","href":"https:\/\/api.w.org\/{rel}","templated":true}]}}