{"id":236,"date":"2023-07-02T16:15:20","date_gmt":"2023-07-02T19:15:20","guid":{"rendered":"https:\/\/mostraquilombopinhoes.com.br\/?page_id=236"},"modified":"2023-07-28T17:28:34","modified_gmt":"2023-07-28T20:28:34","slug":"mais-sobre-o-quilombo-3","status":"publish","type":"page","link":"https:\/\/mostraquilombopinhoes.com.br\/?page_id=236","title":{"rendered":"Mais sobre o quilombo"},"content":{"rendered":"\t\t<div data-elementor-type=\"wp-page\" data-elementor-id=\"236\" class=\"elementor elementor-236\">\n\t\t\t\t\t\t\t\t\t<section class=\"elementor-section elementor-top-section elementor-element elementor-element-59085cd elementor-section-boxed elementor-section-height-default elementor-section-height-default\" data-id=\"59085cd\" data-element_type=\"section\">\n\t\t\t\t\t\t<div class=\"elementor-container elementor-column-gap-default\">\n\t\t\t\t\t<div class=\"elementor-column elementor-col-100 elementor-top-column elementor-element elementor-element-65bcc37e\" data-id=\"65bcc37e\" data-element_type=\"column\">\n\t\t\t<div class=\"elementor-widget-wrap elementor-element-populated\">\n\t\t\t\t\t\t\t\t<div class=\"elementor-element elementor-element-f015d98 elementor-widget elementor-widget-heading\" data-id=\"f015d98\" data-element_type=\"widget\" data-widget_type=\"heading.default\">\n\t\t\t\t<div class=\"elementor-widget-container\">\n\t\t\t<style>\/*! elementor - v3.13.2 - 11-05-2023 *\/\n.elementor-heading-title{padding:0;margin:0;line-height:1}.elementor-widget-heading .elementor-heading-title[class*=elementor-size-]>a{color:inherit;font-size:inherit;line-height:inherit}.elementor-widget-heading .elementor-heading-title.elementor-size-small{font-size:15px}.elementor-widget-heading .elementor-heading-title.elementor-size-medium{font-size:19px}.elementor-widget-heading .elementor-heading-title.elementor-size-large{font-size:29px}.elementor-widget-heading .elementor-heading-title.elementor-size-xl{font-size:39px}.elementor-widget-heading .elementor-heading-title.elementor-size-xxl{font-size:59px}<\/style><h2 class=\"elementor-heading-title elementor-size-default\">Mais sobre o quilombo<\/h2>\t\t<\/div>\n\t\t\t\t<\/div>\n\t\t\t\t<div class=\"elementor-element elementor-element-46d8ffd1 elementor-widget elementor-widget-text-editor\" data-id=\"46d8ffd1\" data-element_type=\"widget\" data-widget_type=\"text-editor.default\">\n\t\t\t\t<div class=\"elementor-widget-container\">\n\t\t\t<style>\/*! elementor - v3.13.2 - 11-05-2023 *\/\n.elementor-widget-text-editor.elementor-drop-cap-view-stacked .elementor-drop-cap{background-color:#69727d;color:#fff}.elementor-widget-text-editor.elementor-drop-cap-view-framed .elementor-drop-cap{color:#69727d;border:3px solid;background-color:transparent}.elementor-widget-text-editor:not(.elementor-drop-cap-view-default) .elementor-drop-cap{margin-top:8px}.elementor-widget-text-editor:not(.elementor-drop-cap-view-default) .elementor-drop-cap-letter{width:1em;height:1em}.elementor-widget-text-editor .elementor-drop-cap{float:left;text-align:center;line-height:1;font-size:50px}.elementor-widget-text-editor .elementor-drop-cap-letter{display:inline-block}<\/style>\t\t\t\t<p><!-- wp:heading {\"style\":{\"typography\":{\"fontStyle\":\"normal\",\"fontWeight\":\"500\"}},\"fontSize\":\"large\"} --><!-- \/wp:heading --><!-- wp:paragraph --><\/p>\n<p><span style=\"font-weight: 400;\">Ao longo do processo de produ\u00e7\u00e3o deste s\u00edtio eletr\u00f4nico, foram realizadas lives com moradores do Quilombo de Pinh\u00f5es, autores do livro \u201cPinh\u00f5es: hist\u00f3rias e sabedorias do Quilombo\u201d (2018). Voc\u00ea pode conferir as lives no instagram e no canal de YouTube da Associa\u00e7\u00e3o Cultural das Mulheres Quilombolas de Pinh\u00f5es\/ACMQP &#8211; AQQP, <a href=\"https:\/\/www.instagram.com\/acmqppinhoes\/\" target=\"_blank\" rel=\"noopener\">@acmqppinhoes<\/a> e no instagram do projeto Hist\u00f3rias e Sabedorias do Quilombo <a href=\"https:\/\/www.instagram.com\/historiasesabedorias\/\" target=\"_blank\" rel=\"noopener\">@historiasesabedorias<\/a>.<\/span><\/p>\n<p><a href=\"https:\/\/www.instagram.com\/tv\/CqRQnLeh59-\/?igshid=OGIzYTJhMTRmYQ==\" target=\"_blank\" rel=\"noopener\"><span style=\"font-weight: 400;\">Live 01 &#8211; Bate papo com matriarca<\/span><\/a><\/p>\n<p><a href=\"https:\/\/www.instagram.com\/tv\/CrorHD1hq4m\/?igshid=OGIzYTJhMTRmYQ==\" target=\"_blank\" rel=\"noopener\"><span style=\"font-weight: 400;\">Live 02 &#8211; Bate papo sobre capoeira e panelas de barro<\/span><\/a><span style=\"font-weight: 400;\"><br \/><\/span><\/p>\n<p><a href=\"https:\/\/www.instagram.com\/tv\/Cs4fn9JhQPC\/?igshid=OGIzYTJhMTRmYQ==\" target=\"_blank\" rel=\"noopener\"><span style=\"font-weight: 400;\">Live 03 &#8211; Bate papo sobre culin\u00e1ria do Quilombo de Pinh\u00f5es<\/span><\/a><span style=\"font-weight: 400;\"><br \/><\/span><\/p>\n<p><a href=\"https:\/\/www.instagram.com\/tv\/CtphfYzhPoa\/?igshid=OGIzYTJhMTRmYQ==\" target=\"_blank\" rel=\"noopener\"><span style=\"font-weight: 400;\">Live 04 &#8211; Bate papo com congadeiros de Nossa Senhora do Ros\u00e1rio<\/span><\/a><\/p>\n<p><span style=\"font-weight: 400;\">Live 05 &#8211; Bate papo com juventude quilombola de Pinh\u00f5es <\/span><span style=\"font-weight: 400;\"><br \/><\/span><span style=\"font-weight: 400;\"><br \/><\/span><span style=\"font-weight: 400;\">Em breve pretendemos disponibilizar nesta plataforma o livro \u201cPinh\u00f5es: hist\u00f3rias e sabedorias do Quilombo\u201d em formato digital.\u00a0<\/span><\/p>\n<p><span style=\"font-weight: 400;\">Para conhecer mais sobre o Quilombo de Pinh\u00f5es, sua gente e suas ra\u00edzes:<\/span> <span style=\"font-weight: 400;\"><br \/><\/span><span style=\"font-weight: 400;\"><br \/><\/span><b>Heran\u00e7a dos Quilombos<\/b><span style=\"font-weight: 400;\"> \u2013 Associa\u00e7\u00e3o de Capoeira Heran\u00e7a dos Quilombos \u00e9 um coletivo de capoeira conduzido pelo Mestre Guar\u00e1, Jansen Rodrigues, do Quilombo de Pinh\u00f5es. O nome Heran\u00e7a dos Quilombos \u00e9 uma forma de homenagem ao Mestre Mauro, do Quilombo de Mato Ti\u00e7\u00e3o, que formou o Mestre Guar\u00e1, uma forma de reconhecer e perpetuar essa heran\u00e7a coletiva compartilhada entre estes dois quilombos da Regi\u00e3o Metropolitana de Belo Horizonte. Os treinos de capoeira acontecem no Quilombo de Pinh\u00f5es, nas quartas e sextas das 18 \u00e0s 20 horas e domingo das 08 \u00e0s 10 horas.<\/span><span style=\"font-weight: 400;\"><br \/><\/span><span style=\"font-weight: 400;\">Contatos: <\/span><span style=\"font-weight: 400;\">jansenrodriguescapoeira@gmail.com<\/span><span style=\"font-weight: 400;\">; telefone: (031) 998764598<\/span><\/p>\n<p><b>Paneleiras \u2013<\/b><span style=\"font-weight: 400;\"> O Quilombo de Pinh\u00f5es carrega a tradi\u00e7\u00e3o da feitura de panelas de barro. Uma arte desenvolvida pelas mulheres do Quilombo que tocavam sua produ\u00e7\u00e3o em articula\u00e7\u00e3o com a fam\u00edlia que se envolvia nas a\u00e7\u00f5es de coleta do barro, das lenhas para queima e da distribui\u00e7\u00e3o e venda das pe\u00e7as.<\/span><\/p>\n<p><b>Vagna Artes<\/b><span style=\"font-weight: 400;\"> \u2013 Vagna foi uma das grandes ceramistas do Quilombo de Pinh\u00f5es. Atualmente a tradi\u00e7\u00e3o da produ\u00e7\u00e3o de pe\u00e7as de cer\u00e2mica \u00e9 perpetuada pelo seu filho Cristiano. Instagram:\u00a0 <a href=\"https:\/\/www.instagram.com\/vagna.arte\/\" target=\"_blank\" rel=\"noopener\">@vagna.arte<\/a><\/span><span style=\"font-weight: 400;\"><br \/><\/span><span style=\"font-weight: 400;\">Contato telefone : 031 986136196<\/span><\/p>\n<p><b>Cozinheiras <\/b><span style=\"font-weight: 400;\">\u2013 A comida \u00e9 arte por aqui e tem a particularidade de ser sempre feita por v\u00e1rias m\u00e3os, regada de muita alegria, di\u00e1logo, partilha, cumplicidade e dedica\u00e7\u00e3o. No final o resultado \u00e9 sempre um sabor sem igual. A tradicional comida de quilombo est\u00e1 presente em v\u00e1rios eventos da comunidade, como: casamentos, anivers\u00e1rios, festas religiosas, encontros diversos e at\u00e9 nos vel\u00f3rios. Assim as cozinheiras v\u00e3o deixando para as novas gera\u00e7\u00f5es esse sabor e o of\u00edcio.<\/span><\/p>\n<p><span style=\"font-weight: 400;\">Voc\u00ea pode experimentar a culin\u00e1ria do Quilombo de Pinh\u00f5es na Festa de Nossa Senhora do Ros\u00e1rio de Pinh\u00f5es que acontece todo m\u00eas de outubro, pr\u00f3ximo ao dia 07.<\/span><\/p>\n<p><b>Restaurante da Maria<\/b><span style=\"font-weight: 400;\"> \u2013 o restaurante da Maria tamb\u00e9m \u00e9 uma oportunidade de conhecer os sabores do Quilombo. A Maria serve almo\u00e7o em fog\u00e3o a lenha todos os dias da semana.<\/span><\/p>\n<p><b>Benzedeiras <\/b><span style=\"font-weight: 400;\">\u2013 Desde sempre elas fizeram e fazem parte do nosso dia a dia. Temos aquelas(es) que mant\u00eam essa tradi\u00e7\u00e3o e os que realizam esse feito, meio timidamente, talvez por medo de como ser\u00e3o vistos, mas o importante \u00e9 que realizam o bem e mant\u00eam viva a cren\u00e7a e a f\u00e9.<\/span><span style=\"font-weight: 400;\"><br \/><\/span><span style=\"font-weight: 400;\"><br \/><\/span><b>Balaieiras <\/b><span style=\"font-weight: 400;\">\u2013 Tamb\u00e9m conhecidas como \u2018mascates\u2019 desde pelo menos a virada do s\u00e9culo XIX para o S\u00e9culo XX, algumas mulheres do Quilombo de Pinh\u00f5es v\u00e3o at\u00e9 a capital do estado, Belo Horizonte, com seus balaios de palha repletos de produ\u00e7\u00f5es dos quintais do Quilombo. Os balaios v\u00e3o cheios de verduras, hortali\u00e7as, folhas para ch\u00e1s, ovos, quitandas e doces. A tradi\u00e7\u00e3o, que soma mais de quatro gera\u00e7\u00f5es, garantiu a perpetua\u00e7\u00e3o das fam\u00edlias e segue sendo uma refer\u00eancia no Quilombo de Pinh\u00f5es, ainda praticada por algumas mulheres.\u00a0<\/span><\/p>\n<p><span style=\"font-weight: 400;\">Publica\u00e7\u00f5es e v\u00eddeos sobre o Quilombo de Pinh\u00f5es e sobre os patrim\u00f4nios culturais do munic\u00edpio de Santa Luzia\/MG foram organizados pelo Instituto Federal de Minas Gerais, campus Santa Luzia, no projeto <strong>A gente Faz a Cultura<\/strong>, dispon\u00edvel no link:<br \/><\/span><a href=\"https:\/\/observatoriodadive.wixsite.com\/agentefazacultura\/biblioteca\"> <span style=\"font-weight: 400;\">https:\/\/observatoriodadive.wixsite.com\/agentefazacultura\/biblioteca<\/span><\/a><span style=\"font-weight: 400;\"> e no Instagram:<\/span><a href=\"https:\/\/www.instagram.com\/agentefazacultura\/\"> <span style=\"font-weight: 400;\">https:\/\/www.instagram.com\/agentefazacultura\/<\/span><\/a><span style=\"font-weight: 400;\"> .<\/span><\/p>\n<div class=\"wp-block-cover alignfull is-light\" style=\"min-height: 316px; padding: 50px;\">\n<div class=\"wp-block-cover__inner-container\">\n<div class=\"wp-block-columns are-vertically-aligned-center\">\n<div class=\"wp-block-column is-vertically-aligned-center\" style=\"padding: 20px 0px 20px 0px;\">\n<div class=\"wp-block-group\">\n<div class=\"wp-block-group\"><!-- \/wp:paragraph --><\/div>\n<p><!-- \/wp:group --><\/p>\n<\/div>\n<p><!-- \/wp:group --><\/p>\n<\/div>\n<p><!-- \/wp:column --><\/p>\n<\/div>\n<p><!-- \/wp:columns --><\/p>\n<\/div>\n<\/div>\n<p><!-- \/wp:cover --><\/p>\t\t\t\t\t\t<\/div>\n\t\t\t\t<\/div>\n\t\t\t\t\t<\/div>\n\t\t<\/div>\n\t\t\t\t\t\t\t<\/div>\n\t\t<\/section>\n\t\t\t\t<section class=\"elementor-section elementor-top-section elementor-element elementor-element-153e6a5 elementor-section-full_width elementor-section-stretched elementor-hidden-mobile elementor-section-height-default elementor-section-height-default\" data-id=\"153e6a5\" data-element_type=\"section\" data-settings=\"{&quot;stretch_section&quot;:&quot;section-stretched&quot;,&quot;background_background&quot;:&quot;classic&quot;}\">\n\t\t\t\t\t\t<div class=\"elementor-container elementor-column-gap-default\">\n\t\t\t\t\t<div class=\"elementor-column elementor-col-50 elementor-top-column elementor-element elementor-element-4e81d88\" data-id=\"4e81d88\" data-element_type=\"column\">\n\t\t\t<div class=\"elementor-widget-wrap elementor-element-populated\">\n\t\t\t\t\t\t\t\t<div class=\"elementor-element elementor-element-f4a4ad5 elementor-widget elementor-widget-image\" data-id=\"f4a4ad5\" data-element_type=\"widget\" data-widget_type=\"image.default\">\n\t\t\t\t<div class=\"elementor-widget-container\">\n\t\t\t<style>\/*! elementor - v3.13.2 - 11-05-2023 *\/\n.elementor-widget-image{text-align:center}.elementor-widget-image a{display:inline-block}.elementor-widget-image a img[src$=\".svg\"]{width:48px}.elementor-widget-image img{vertical-align:middle;display:inline-block}<\/style>\t\t\t\t\t\t\t\t\t\t\t\t<img decoding=\"async\" width=\"370\" height=\"162\" src=\"https:\/\/mostraquilombopinhoes.com.br\/wp-content\/uploads\/2023\/07\/Group-2-3.png\" class=\"attachment-large size-large wp-image-897\" alt=\"\" loading=\"lazy\" srcset=\"https:\/\/mostraquilombopinhoes.com.br\/wp-content\/uploads\/2023\/07\/Group-2-3.png 370w, https:\/\/mostraquilombopinhoes.com.br\/wp-content\/uploads\/2023\/07\/Group-2-3-300x131.png 300w\" sizes=\"100vw\" \/>\t\t\t\t\t\t\t\t\t\t\t\t\t\t\t<\/div>\n\t\t\t\t<\/div>\n\t\t\t\t\t<\/div>\n\t\t<\/div>\n\t\t\t\t<div class=\"elementor-column elementor-col-50 elementor-top-column elementor-element elementor-element-0e95b56\" data-id=\"0e95b56\" data-element_type=\"column\">\n\t\t\t<div class=\"elementor-widget-wrap elementor-element-populated\">\n\t\t\t\t\t\t\t\t<div class=\"elementor-element elementor-element-5d84b74 elementor-widget elementor-widget-image\" data-id=\"5d84b74\" data-element_type=\"widget\" data-widget_type=\"image.default\">\n\t\t\t\t<div class=\"elementor-widget-container\">\n\t\t\t\t\t\t\t\t\t\t\t\t\t\t\t<img decoding=\"async\" width=\"768\" height=\"172\" src=\"https:\/\/mostraquilombopinhoes.com.br\/wp-content\/uploads\/2023\/07\/roda-pe-com-patrocinio-png-768x172.png\" class=\"attachment-medium_large size-medium_large wp-image-888\" alt=\"\" loading=\"lazy\" srcset=\"https:\/\/mostraquilombopinhoes.com.br\/wp-content\/uploads\/2023\/07\/roda-pe-com-patrocinio-png-768x172.png 768w, https:\/\/mostraquilombopinhoes.com.br\/wp-content\/uploads\/2023\/07\/roda-pe-com-patrocinio-png-300x67.png 300w, https:\/\/mostraquilombopinhoes.com.br\/wp-content\/uploads\/2023\/07\/roda-pe-com-patrocinio-png.png 850w\" sizes=\"100vw\" \/>\t\t\t\t\t\t\t\t\t\t\t\t\t\t\t<\/div>\n\t\t\t\t<\/div>\n\t\t\t\t\t<\/div>\n\t\t<\/div>\n\t\t\t\t\t\t\t<\/div>\n\t\t<\/section>\n\t\t\t\t<section class=\"elementor-section elementor-top-section elementor-element elementor-element-27db408 elementor-section-full_width elementor-section-stretched elementor-hidden-desktop elementor-hidden-tablet elementor-section-height-default elementor-section-height-default\" data-id=\"27db408\" data-element_type=\"section\" data-settings=\"{&quot;stretch_section&quot;:&quot;section-stretched&quot;,&quot;background_background&quot;:&quot;classic&quot;}\">\n\t\t\t\t\t\t<div class=\"elementor-container elementor-column-gap-extended\">\n\t\t\t\t\t<div class=\"elementor-column elementor-col-50 elementor-top-column elementor-element elementor-element-63b642f\" data-id=\"63b642f\" data-element_type=\"column\">\n\t\t\t<div class=\"elementor-widget-wrap elementor-element-populated\">\n\t\t\t\t\t\t\t\t<div class=\"elementor-element elementor-element-4bea341 elementor-widget-mobile__width-initial elementor-hidden-desktop elementor-hidden-tablet elementor-widget elementor-widget-image\" data-id=\"4bea341\" data-element_type=\"widget\" data-widget_type=\"image.default\">\n\t\t\t\t<div class=\"elementor-widget-container\">\n\t\t\t\t\t\t\t\t\t\t\t\t\t\t\t<img decoding=\"async\" width=\"300\" height=\"131\" src=\"https:\/\/mostraquilombopinhoes.com.br\/wp-content\/uploads\/2023\/07\/Group-2-3-300x131.png\" class=\"attachment-medium size-medium wp-image-897\" alt=\"\" loading=\"lazy\" srcset=\"https:\/\/mostraquilombopinhoes.com.br\/wp-content\/uploads\/2023\/07\/Group-2-3-300x131.png 300w, https:\/\/mostraquilombopinhoes.com.br\/wp-content\/uploads\/2023\/07\/Group-2-3.png 370w\" sizes=\"100vw\" \/>\t\t\t\t\t\t\t\t\t\t\t\t\t\t\t<\/div>\n\t\t\t\t<\/div>\n\t\t\t\t\t<\/div>\n\t\t<\/div>\n\t\t\t\t<div class=\"elementor-column elementor-col-50 elementor-top-column elementor-element elementor-element-e659d79\" data-id=\"e659d79\" data-element_type=\"column\">\n\t\t\t<div class=\"elementor-widget-wrap elementor-element-populated\">\n\t\t\t\t\t\t\t\t<div class=\"elementor-element elementor-element-8c34f64 elementor-widget elementor-widget-heading\" data-id=\"8c34f64\" data-element_type=\"widget\" data-widget_type=\"heading.default\">\n\t\t\t\t<div class=\"elementor-widget-container\">\n\t\t\t<h6 class=\"elementor-heading-title elementor-size-small\">PATROC\u00cdNIO<\/h6>\t\t<\/div>\n\t\t\t\t<\/div>\n\t\t\t\t<div class=\"elementor-element elementor-element-0d314ec elementor-widget elementor-widget-image\" data-id=\"0d314ec\" data-element_type=\"widget\" data-widget_type=\"image.default\">\n\t\t\t\t<div class=\"elementor-widget-container\">\n\t\t\t\t\t\t\t\t\t\t\t\t\t\t\t<img decoding=\"async\" width=\"423\" height=\"74\" src=\"https:\/\/mostraquilombopinhoes.com.br\/wp-content\/uploads\/2023\/07\/Group-4-2.png\" class=\"attachment-medium_large size-medium_large wp-image-926\" alt=\"\" loading=\"lazy\" srcset=\"https:\/\/mostraquilombopinhoes.com.br\/wp-content\/uploads\/2023\/07\/Group-4-2.png 423w, https:\/\/mostraquilombopinhoes.com.br\/wp-content\/uploads\/2023\/07\/Group-4-2-300x52.png 300w\" sizes=\"100vw\" \/>\t\t\t\t\t\t\t\t\t\t\t\t\t\t\t<\/div>\n\t\t\t\t<\/div>\n\t\t\t\t\t<\/div>\n\t\t<\/div>\n\t\t\t\t\t\t\t<\/div>\n\t\t<\/section>\n\t\t\t\t\t\t\t<\/div>\n\t\t","protected":false},"excerpt":{"rendered":"<p>Mais sobre o quilombo Ao longo do processo de produ\u00e7\u00e3o deste s\u00edtio eletr\u00f4nico, foram realizadas lives com moradores do Quilombo de Pinh\u00f5es, autores do livro \u201cPinh\u00f5es: hist\u00f3rias e sabedorias do Quilombo\u201d (2018). Voc\u00ea pode conferir as lives no instagram e no canal de YouTube da Associa\u00e7\u00e3o Cultural das Mulheres Quilombolas de Pinh\u00f5es\/ACMQP &#8211; AQQP, @acmqppinhoes &hellip; <\/p>\n<p class=\"link-more\"><a href=\"https:\/\/mostraquilombopinhoes.com.br\/?page_id=236\" class=\"more-link\">Read more<span class=\"screen-reader-text\"> &#8220;Mais sobre o quilombo&#8221;<\/span><\/a><\/p>\n","protected":false},"author":2,"featured_media":402,"parent":0,"menu_order":0,"comment_status":"closed","ping_status":"closed","template":"","meta":[],"_links":{"self":[{"href":"https:\/\/mostraquilombopinhoes.com.br\/index.php?rest_route=\/wp\/v2\/pages\/236"}],"collection":[{"href":"https:\/\/mostraquilombopinhoes.com.br\/index.php?rest_route=\/wp\/v2\/pages"}],"about":[{"href":"https:\/\/mostraquilombopinhoes.com.br\/index.php?rest_route=\/wp\/v2\/types\/page"}],"author":[{"embeddable":true,"href":"https:\/\/mostraquilombopinhoes.com.br\/index.php?rest_route=\/wp\/v2\/users\/2"}],"replies":[{"embeddable":true,"href":"https:\/\/mostraquilombopinhoes.com.br\/index.php?rest_route=%2Fwp%2Fv2%2Fcomments&post=236"}],"version-history":[{"count":20,"href":"https:\/\/mostraquilombopinhoes.com.br\/index.php?rest_route=\/wp\/v2\/pages\/236\/revisions"}],"predecessor-version":[{"id":1102,"href":"https:\/\/mostraquilombopinhoes.com.br\/index.php?rest_route=\/wp\/v2\/pages\/236\/revisions\/1102"}],"wp:featuredmedia":[{"embeddable":true,"href":"https:\/\/mostraquilombopinhoes.com.br\/index.php?rest_route=\/wp\/v2\/media\/402"}],"wp:attachment":[{"href":"https:\/\/mostraquilombopinhoes.com.br\/index.php?rest_route=%2Fwp%2Fv2%2Fmedia&parent=236"}],"curies":[{"name":"wp","href":"https:\/\/api.w.org\/{rel}","templated":true}]}}